{"id":831,"date":"2023-10-24T10:53:04","date_gmt":"2023-10-24T08:53:04","guid":{"rendered":"http:\/\/s711641519.mialojamiento.es\/el-festival\/"},"modified":"2025-07-03T17:55:45","modified_gmt":"2025-07-03T15:55:45","slug":"el-festival","status":"publish","type":"page","link":"https:\/\/www.festivalemergent.cat\/es\/el-festival\/","title":{"rendered":"El festival"},"content":{"rendered":"<p>[et_pb_section fb_built=\u00bb1&#8243; _builder_version=\u00bb4.22.2&#8243; _module_preset=\u00bbdefault\u00bb global_colors_info=\u00bb{}\u00bb][et_pb_row _builder_version=\u00bb4.22.2&#8243; _module_preset=\u00bbdefault\u00bb global_colors_info=\u00bb{}\u00bb][et_pb_column type=\u00bb4_4&#8243; _builder_version=\u00bb4.22.2&#8243; _module_preset=\u00bbdefault\u00bb global_colors_info=\u00bb{}\u00bb][et_pb_text _builder_version=\u00bb4.27.4&#8243; _module_preset=\u00bbdefault\u00bb text_font=\u00bb|700|||||||\u00bb text_text_color=\u00bb#e62347&#8243; text_font_size=\u00bb70px\u00bb header_font=\u00bb|700|||||||\u00bb header_font_size=\u00bb70px\u00bb text_orientation=\u00bbcenter\u00bb custom_margin=\u00bb14vh||||false|false\u00bb global_colors_info=\u00bb{}\u00bb]<\/p>\n<h1>El festival<\/h1>\n<p>[\/et_pb_text][\/et_pb_column][\/et_pb_row][et_pb_row column_structure=\u00bb1_2,1_2&#8243; _builder_version=\u00bb4.22.2&#8243; _module_preset=\u00bbdefault\u00bb global_colors_info=\u00bb{}\u00bb][et_pb_column type=\u00bb1_2&#8243; _builder_version=\u00bb4.22.2&#8243; _module_preset=\u00bbdefault\u00bb global_colors_info=\u00bb{}\u00bb][et_pb_text _builder_version=\u00bb4.25.1&#8243; _module_preset=\u00bbdefault\u00bb animation_style=\u00bbslide\u00bb animation_direction=\u00bbleft\u00bb hover_transition_speed_curve=\u00bbease-in-out\u00bb global_colors_info=\u00bb{}\u00bb]<\/p>\n<div id=\"sppb-addon-1522756964412\" class=\"clearfix\">\n<div class=\"sppb-addon sppb-addon-text-block 0  \">\n<div class=\"sppb-addon-content\">\n<h2><span>Qu\u00e8 \u00e9s l&#8217;Emergent?<\/span><\/h2>\n<\/div>\n<\/div>\n<\/div>\n<div id=\"sppb-addon-1522757167727\" class=\"clearfix\">\n<div class=\"sppb-addon sppb-addon-text-block 0  \">\n<div class=\"sppb-addon-content\">\n<p>El Festival Emergent \u00e9s una\u00a0 proposta multidisciplin\u00e0ria que garanteix una programaci\u00f3 d\u2019arts en viu din\u00e0mica, propera, fresca i engrescadora, que proposa sorprendre constantment l\u2019espectador amb una r\u00e0pida successi\u00f3 d\u2019actuacions de diversos i molt variats g\u00e8neres esc\u00e8nics (m\u00fasica, dansa, teatre, m\u00e0gia, clowns, mon\u00f2legs, poesia, audiovisuals, ombres xineses, malabars, mim, circ\u2026).<\/p>\n<p>L\u2019Emergent busca socialitzar la cultura en pobles de la comarca del Giron\u00e8s. Amb espectacles de petit format i curta durada, i una posada en escena \u00e0gil, amable \u00a0i original li donen un caire \u00fanic que us convidem a descobrir.<\/p>\n<p>Gr\u00e0cies a tot el p\u00fablic i artistes que ens heu fet confian\u00e7a durant aquests vint anys. Les places seran sempre nostres!<\/p>\n<\/div>\n<\/div>\n<\/div>\n<p>[\/et_pb_text][\/et_pb_column][et_pb_column type=\u00bb1_2&#8243; _builder_version=\u00bb4.22.2&#8243; _module_preset=\u00bbdefault\u00bb global_colors_info=\u00bb{}\u00bb][et_pb_text _builder_version=\u00bb4.25.1&#8243; _module_preset=\u00bbdefault\u00bb animation_style=\u00bbslide\u00bb animation_direction=\u00bbright\u00bb global_colors_info=\u00bb{}\u00bb]<\/p>\n<h3>L\u2019equip<\/h3>\n<div class=\"sppb-col-md-4\">\n<div id=\"column-id-1528355525968\" class=\"sppb-column \">\n<div class=\"sppb-column-addons\">\n<div id=\"sppb-addon-1528355525969\" class=\"clearfix\">\n<div class=\"sppb-addon sppb-addon-text-block 0 sppb-text-center \"><\/div>\n<h4 class=\"sppb-addon sppb-addon-text-block 0 sppb-text-center \">Pau Marqu\u00e8s<\/h4>\n<\/div>\n<\/div>\n<\/div>\n<\/div>\n<div class=\"sppb-col-md-4\">\n<div id=\"column-id-1528355525949\" class=\"sppb-column\">\n<div class=\"sppb-column-addons\">\n<div id=\"sppb-addon-1528355525966\" class=\"clearfix\">\n<div class=\"sppb-addon sppb-addon-text-block 0 sppb-text-center \">\n<p class=\"sppb-addon-content\">Direcci\u00f3<\/p>\n<div class=\"sppb-addon-content\"><\/div>\n<h4 class=\"sppb-addon-content\">Pitu Masdevall<\/h4>\n<p class=\"sppb-addon-content\">Comunicaci\u00f3<\/p>\n<div class=\"sppb-addon-content\"><\/div>\n<h4 class=\"sppb-addon-content\">S\u00edlvia Currius<\/h4>\n<p class=\"sppb-addon-content\">Producci\u00f3<\/p>\n<\/div>\n<\/div>\n<\/div>\n<\/div>\n<\/div>\n<p>[\/et_pb_text][\/et_pb_column][\/et_pb_row][et_pb_row column_structure=\u00bb1_3,1_3,1_3&#8243; _builder_version=\u00bb4.23&#8243; _module_preset=\u00bbdefault\u00bb custom_padding=\u00bb80px|||||\u00bb global_colors_info=\u00bb{}\u00bb][et_pb_column type=\u00bb1_3&#8243; _builder_version=\u00bb4.23&#8243; _module_preset=\u00bbdefault\u00bb global_colors_info=\u00bb{}\u00bb][et_pb_text _builder_version=\u00bb4.25.1&#8243; _module_preset=\u00bbdefault\u00bb animation_style=\u00bbslide\u00bb animation_direction=\u00bbleft\u00bb global_colors_info=\u00bb{}\u00bb]<\/p>\n<section id=\"section-id-1591971076006\" class=\"sppb-section \">\n<div class=\"sppb-row-container\">\n<div class=\"sppb-row\">\n<div class=\"sppb-col-md-12\">\n<div id=\"column-id-1591971076005\" class=\"sppb-column\">\n<div class=\"sppb-column-addons\">\n<div id=\"sppb-addon-1591971076009\" class=\"clearfix\">\n<div class=\"sppb-addon sppb-addon-text-block 0  \">\n<div class=\"sppb-addon-content\">\n<h3>Informaci\u00f3 pr\u00e0ctica<\/h3>\n<div><\/div>\n<div>Inici 20h.\u00a0<\/div>\n<div><\/div>\n<div><\/div>\n<div><\/div>\n<div><\/div>\n<div><\/div>\n<div><\/div>\n<div><\/div>\n<\/div>\n<\/div>\n<\/div>\n<\/div>\n<\/div>\n<\/div>\n<\/div>\n<\/div>\n<\/section>\n<section id=\"section-id-1557174648341\" class=\"sppb-section \">\n<div class=\"sppb-row-container\">\n<div class=\"sppb-row\">\n<div class=\"sppb-col-md-12\">\n<div id=\"column-id-1557174648342\" class=\"sppb-column\">\n<div class=\"sppb-column-addons\">\n<div id=\"sppb-addon-1557174648343\" class=\"clearfix\">\n<div class=\"sppb-addon sppb-addon-text-block 0 sppb-text-center \">\n<div class=\"sppb-addon-content\">\n<div>\n<p><span style=\"color: var(--color1); font-size: 14px;\">Obertura de portes a les 19.15 h<\/span><\/p>\n<p>Durada aproximada 4 h<\/p>\n<p>Som puntuals<\/p>\n<p>Servei de bar<\/p>\n<p>Ens seguiran dues Gastroteques (Food Truck)<\/p>\n<\/div>\n<\/div>\n<\/div>\n<\/div>\n<\/div>\n<\/div>\n<\/div>\n<\/div>\n<\/div>\n<\/section>\n<p>[\/et_pb_text][\/et_pb_column][et_pb_column type=\u00bb1_3&#8243; _builder_version=\u00bb4.23&#8243; _module_preset=\u00bbdefault\u00bb global_colors_info=\u00bb{}\u00bb][et_pb_text _builder_version=\u00bb4.27.4&#8243; _module_preset=\u00bbdefault\u00bb animation_style=\u00bbslide\u00bb animation_direction=\u00bbbottom\u00bb hover_enabled=\u00bb0&#8243; global_colors_info=\u00bb{}\u00bb sticky_enabled=\u00bb0&#8243;]<\/p>\n<div class=\"sppb-col-md-3\">\n<div id=\"column-id-1528355525990\" class=\"sppb-column \">\n<div class=\"sppb-column-addons\">\n<div id=\"sppb-addon-1528355525993\" class=\"clearfix\">\n<div class=\"sppb-addon sppb-addon-text-block 0 sppb-text-center \">\n<div class=\"sppb-addon-content\">\n<h3>Preu entrada anticipada<\/h3>\n<div><strong>15 \u20ac<\/strong><span>\u00a0<\/span><\/div>\n<\/div>\n<\/div>\n<\/div>\n<\/div>\n<\/div>\n<\/div>\n<p>[\/et_pb_text][et_pb_text _builder_version=\u00bb4.27.4&#8243; _module_preset=\u00bbdefault\u00bb animation_style=\u00bbslide\u00bb animation_direction=\u00bbbottom\u00bb hover_enabled=\u00bb0&#8243; global_colors_info=\u00bb{}\u00bb sticky_enabled=\u00bb0&#8243;]<\/p>\n<h3>Preu entrada taquilla<\/h3>\n<div>\n<p><strong>20 \u20ac<\/strong><span>\u00a0<\/span><\/p>\n<\/div>\n<p>[\/et_pb_text][\/et_pb_column][et_pb_column type=\u00bb1_3&#8243; _builder_version=\u00bb4.23&#8243; _module_preset=\u00bbdefault\u00bb global_colors_info=\u00bb{}\u00bb][et_pb_text _builder_version=\u00bb4.25.1&#8243; _module_preset=\u00bbdefault\u00bb animation_style=\u00bbslide\u00bb animation_direction=\u00bbright\u00bb global_colors_info=\u00bb{}\u00bb]<\/p>\n<h3>Menors de 3 anys<\/h3>\n<div><strong>Entrada gratu\u00efta<\/strong><\/div>\n<p>[\/et_pb_text][et_pb_text _builder_version=\u00bb4.27.4&#8243; _module_preset=\u00bbdefault\u00bb animation_style=\u00bbslide\u00bb animation_direction=\u00bbright\u00bb hover_enabled=\u00bb0&#8243; global_colors_info=\u00bb{}\u00bb sticky_enabled=\u00bb0&#8243;]<\/p>\n<h3>Menors de 8 anys<\/h3>\n<div><strong>7 \u20ac<\/strong>\u00a0<\/div>\n<p>[\/et_pb_text][\/et_pb_column][\/et_pb_row][\/et_pb_section][et_pb_section fb_built=\u00bb1&#8243; _builder_version=\u00bb4.23.1&#8243; _module_preset=\u00bbdefault\u00bb custom_padding=\u00bb0px||0px|||\u00bb global_colors_info=\u00bb{}\u00bb][et_pb_row column_structure=\u00bb1_5,1_5,1_5,1_5,1_5&#8243; use_custom_gutter=\u00bbon\u00bb gutter_width=\u00bb1&#8243; make_equal=\u00bbon\u00bb _builder_version=\u00bb4.25.1&#8243; _module_preset=\u00bbdefault\u00bb width=\u00bb100%\u00bb max_width=\u00bb2560px\u00bb height=\u00bb16.5vw\u00bb custom_padding=\u00bb0px||0px|||\u00bb global_colors_info=\u00bb{}\u00bb][et_pb_column type=\u00bb1_5&#8243; _builder_version=\u00bb4.23.1&#8243; _module_preset=\u00bbdefault\u00bb background_image=\u00bbhttp:\/\/festivalemergent.cat\/wp-content\/uploads\/2023\/11\/muddy-waters1.png\u00bb global_colors_info=\u00bb{}\u00bb][\/et_pb_column][et_pb_column type=\u00bb1_5&#8243; _builder_version=\u00bb4.23.1&#8243; _module_preset=\u00bbdefault\u00bb background_image=\u00bbhttp:\/\/festivalemergent.cat\/wp-content\/uploads\/2023\/11\/muddy-waters1.png\u00bb global_colors_info=\u00bb{}\u00bb][\/et_pb_column][et_pb_column type=\u00bb1_5&#8243; _builder_version=\u00bb4.23.1&#8243; _module_preset=\u00bbdefault\u00bb background_image=\u00bbhttp:\/\/festivalemergent.cat\/wp-content\/uploads\/2023\/11\/muddy-waters1.png\u00bb global_colors_info=\u00bb{}\u00bb][et_pb_image src=\u00bbhttp:\/\/festivalemergent.cat\/wp-content\/uploads\/2024\/05\/segell-20-anys-1.png\u00bb title_text=\u00bbsegell-20-anys\u00bb align=\u00bbcenter\u00bb _builder_version=\u00bb4.25.1&#8243; _module_preset=\u00bbdefault\u00bb global_colors_info=\u00bb{}\u00bb][\/et_pb_image][\/et_pb_column][et_pb_column type=\u00bb1_5&#8243; _builder_version=\u00bb4.23.1&#8243; _module_preset=\u00bbdefault\u00bb background_image=\u00bbhttp:\/\/festivalemergent.cat\/wp-content\/uploads\/2023\/11\/muddy-waters1.png\u00bb global_colors_info=\u00bb{}\u00bb][\/et_pb_column][et_pb_column type=\u00bb1_5&#8243; _builder_version=\u00bb4.23.1&#8243; _module_preset=\u00bbdefault\u00bb background_image=\u00bbhttp:\/\/festivalemergent.cat\/wp-content\/uploads\/2023\/11\/muddy-waters1.png\u00bb global_colors_info=\u00bb{}\u00bb][\/et_pb_column][\/et_pb_row][\/et_pb_section][et_pb_section fb_built=\u00bb1&#8243; _builder_version=\u00bb4.23.1&#8243; _module_preset=\u00bbdefault\u00bb global_colors_info=\u00bb{}\u00bb][et_pb_row _builder_version=\u00bb4.23.1&#8243; _module_preset=\u00bbdefault\u00bb global_colors_info=\u00bb{}\u00bb][et_pb_column type=\u00bb4_4&#8243; _builder_version=\u00bb4.23.1&#8243; _module_preset=\u00bbdefault\u00bb global_colors_info=\u00bb{}\u00bb][et_pb_text _builder_version=\u00bb4.25.1&#8243; _module_preset=\u00bbdefault\u00bb global_colors_info=\u00bb{}\u00bb]<\/p>\n<h2>Artistes que han passat per l&#8217;Emergent<\/h2>\n<p>[\/et_pb_text][\/et_pb_column][\/et_pb_row][et_pb_row _builder_version=\u00bb4.23.1&#8243; _module_preset=\u00bbdefault\u00bb global_colors_info=\u00bb{}\u00bb][et_pb_column type=\u00bb4_4&#8243; _builder_version=\u00bb4.23.1&#8243; _module_preset=\u00bbdefault\u00bb global_colors_info=\u00bb{}\u00bb][et_pb_text _builder_version=\u00bb4.25.1&#8243; _module_preset=\u00bbdefault\u00bb global_colors_info=\u00bb{}\u00bb]<\/p>\n<section id=\"sp-main-body\">\n<div class=\"row\">\n<div id=\"sp-component\" class=\"col-sm-12 col-md-12\">\n<div class=\"sp-column \">\n<div id=\"sp-page-builder\" class=\"sp-page-builder  page-82\">\n<div class=\"page-content\">\n<section id=\"section-id-1528355526012\" class=\"sppb-section \">\n<div class=\"sppb-row-container\">\n<div class=\"sppb-row\">\n<div class=\"sppb-col-md-12\">\n<div id=\"column-id-1528355525981\" class=\"sppb-column \">\n<div class=\"sppb-column-addons\">\n<div id=\"sppb-addon-1528355525983\" class=\"clearfix\">\n<div class=\"sppb-addon sppb-addon-text-block 0 sppb-text-center \">\n<div class=\"sppb-addon-content\">\n<p>15feet6 \/ 4t 1a \/ \u00c0aron il.lusionista \/ Accidents Polipo\u00e8tics \/ Acci\u00f3 \/ Acousters \/ Adri\u00e0 Gandia i Francesc Ten \/ Albert Palomar \/ Albert Pla \/ Albert Sol\u00e0 \/ \u00c0lex Navarro \/ Al\u00e8xia Rami\u00f3 \/ \u00c1lvaro Carmona \/ Alverd Oliva \/ Amarillo \/ Amer i \u00c0frica Cia \/ Andrea Motis &amp; Joan Chamorro &amp; Josep Traver \/ Andrea Zayas \/ Andreu Casanova \/ Anna Plotnikova \/ Anna Roig i l&#8217;Ombre de Ton Chien \/ Arnau P\u00e9rez i Anna Pujol \/ Arnau Vilardeb\u00f3 \/ Asala \/ Bandart \/ Barbara Govan \/ Barcelona Bluegrass Band \/ Belda &amp; Sanjosex \/ Beth \/ BGKO \/ Biel Ballester Trio \/ Bigblack Rhino \/ Bikimel \/ Black Music Big Band \/ Blaumut \/ Boni \/ Bonobos \/ Borja Gonz\u00e1lez \/ Borja penalba i Francesc Any\u00f3 \/ Bremen \/ Brodas Bross \/ Bruno Oro \/ Cabaret Mis\u00earia \/ Ca\u00efm Riba \/ Camut Band \/ Capoeira Canig\u00f3 \/ Carlo Mo &amp; Mr Di \/ Carme Pla \/ Caroline Dream \/ Cesc \/ Cesk \/ Freixas \/ Chantal Caballeria \/ Chapertons \/ Chey Jurado \/ Christian Atanasiu \/ Cia Anna Confetti \/ Cia Elena Martinell \/ Cia Helena Canas i Marc Lapuerta \/ Cia Vaques \/ Cia. Campi Qui Pugui \/ Cia. Daraomai \/ Cia. Estampades \/ Cia. La Corcoles \/ Cia. La Mano Jueves \/ Cia. Manol Alc\u00e1ntara \/ Cia. Pere Hosta \/ Cia. Pocacosa \/ Cia. Sebas \/ Cia. Silosenomecuelgo \/ Cia. Toons \/ Cia. Vola qui vol \/ Cia. Zero en Conducta \/ Cie. Soyjoel \/ Circ Pistolet \/ Circ Pistolet \/ Circolos \/ Circsense \/ Clara Cenoz \/ Cl\u00e0udia Cabero \/ Claudia Mirambell \/ Claudio Parente \/ Copa Lotus \/ Cosins de Tarzan \/ Cris Juanico \/ Dami\u00e0 Olivella \/ Dami\u00e0 Olivella \/ Dani Perez \/ Daniel Esteban \/ Daniel Lumbreras \/ David Batll\u00f3 \/ David Caraben \/ David Juli\u00e0 \/ David Mauricio \/ David Planas \/ Del\u00ean \/ Despertadors At\u00f2mics \/ D\u00e9u Ni Duo \/ Diego Cort\u00e9s \/ Diego Sinniger \/ Dud\u00fa Arnalot \/ Duo Laos \/ Duo Leti &amp; Fer \/ Earth Angels \/ Edmond \/ Eduard Biosca \/ Eduard Canimas \/ Eduard Gener \/ El Galliner \/ El Petit de Cal Eril \/ El Pony Pisador \/ Elegits \/ Elena Gadel \/ Els Amics de les Arts \/ Els Cremats \/ Empty Cage \/ Endika Salazar \/ Enfila&#8217;t \/ Enric Casasses \/ Enric Montefusco \/ Enric Petit \/ \u00c8ric Vinaixa \/ Esteve Zulet \/ Est\u00fapida Erikah \/ Eva Bussalleu \/ Fakir Testa \/ Falciots Ninja \/ Fel Faixedas \/ F\u00e8lix Brunet \/ Fernando Pose \/ Ferran Palau \/ Flamencoix \/ Flashmenco \/ Folkincats \/ Francesc Bertran i Rosa Pou \/ Francesc Ten \/ Gemma Arimany \/ Gerard Quintana \/ Gerard Quintana i Francesc Beltran \/ Glaucs \/ Glissando \/ Godoy \/ Gossos \/ Grateful blues \/ Gromic \/ Guiem Soldevila \/ Guillem Alonso \/ Guillem Ramisa \/ Guillem Roma \/ Guillmino &amp; Control Z&#8217;S \/ Halldor Mar \/ Hora de Joglar \/ Hugo \/ Hyperpotamus \/ Ignasi Gil \/ Isaac Ulam \/ Ivette Nadal \/ Jalila \/ Jango Edwards &amp; Fools Militia \/ Jo Jet i Maria Ribot \/ Joan Colomo \/ Joan Garriga \/ Joan Masdeu \/ Joan Miquel Oliver \/ Joan Rovira \/ Joan Sol\u00e0-Morales i Rodrigo Rosetti \/ Joel i Cesc \/ Joina \/ Jonhy Tramontana \/ Jordi Bertran \/ Jordi Busquets \/ Jordi Fornos \/ Jordi Garcia i Miquel Sempere \/ Jordi Palet \/ Jorge Luengo \/ Josep Pedrals \/ Josep Thi\u00f3 \/ Ju \/ Judit Neddermann \/ Katraska \/ Katy Evoghli \/ Kerol \/ Kids From Mars \/ Kodjo Senyo \/ Koko-Jean &amp; The Tonics \/ Kulactiu \/ Kumbara \/ La Fem Fatal \/ La Maria Rosa \/ La Pu\u00e7a Diat\u00f2nica \/ La Reina \/ La Senyora \/ Lagi \/ Laia Bast\u00fas \/ Laia Noguera \/ Lali Ayguad\u00e9 CO \/ Las Karamba \/ Las Lolas \/ Laura Vilar i Miquel Barcelona \/ Le Croupier \/ Leonmanso \/ Les Anxovetes \/ Les Fourchettes \/ Level Street \u00a0\/ L\u00eddia Pujol \/ Litus \/ Llorer \/ Llu\u00eds Burch \/ Llu\u00eds figueres \/ Llu\u00eds Gavald\u00e0 + Trau \/ Llu\u00eds Xifra \/ Llun\u00e0tics \/ Loco Brusca \/ Los Flamingos Company \/ Los Galindos \/ Los Mambo Jambo \/ Los Mart\u00ednez \/ Luciano Federico \/ Madame Ga\u00fcc \/ Mag Edgard \/ Mag Isaac \/ Mag Lari \/ Mag Pota \/ Mag Raul \/ M\u00e0gic Factory \/ M\u00e0gic Vespix \/ Maite Mer \/ Mali Vanili \/ Manel Ros\u00e9s \/ Marc Lapuerta \/ Marc Mart\u00ednez \/ Marc Parrot \/ Marc S\u00e0bat \/ Marcel Tom\u00e0s &amp; Cascai Teatre \/ Maria Arnal i Marcel Bag\u00e9s \/ Maria Coma \/ Maria Merc\u00e8 Roca \/ Maria Villate \/ Mario Lop\u00e8z \/ M\u00e0rius Serra \/ Marta P\u00e9rez \/ Matthew Mc Daid \/ Max Besora i Marc Egea \/ Max Suner Trio \/ Mayte Carreras \/ Mazoni \/ Menage a Tru\u00e0 \/ Meritxell Cardellach \/ Michelena \/ Mila Mar\u00ednez \/ Mine \/ Miner Montell \/ Miquel Abras \/ Miquel Abras + Cesc Freixas \/ Montreal 76 \/ Most \/ Mr Barti \/ Mr. Dyvinetz \/ Nacho Flores \/ Nadia El Fatimi \/ Narc\u00eds Perich \/ Nens Eutr\u00f2fics \/ Nico Baixas \/ Nico Roig \/ No Se Beatbox \/ Noudits \/ N\u00faria Graham \/ Obeses \/ Oliva Trencada \/ Oques Grasses \/ Oriol Hern\u00e0ndez \/ Oriol Ponsat\u00ed \/ Orchestra Fireluche \/ Ovidi Llorente \/ Pablo Serna \/ Pau Alabajos \/ Pau Gener \/ Pau Riba \/ Pau Vallv\u00e9 \/ Paul Fuster \/ Paula Sendim \/ Paula Valls \/ Pep Plaza \/ Pepa Plana \/ Pere Rafart \/ Peyu \/ Pisquartet \/ Planeta Impro \/ Projecte Mut \/ Psirc \/ Pulpo pop \/ Punt Moc \/ Puppae Company \/ Quartet Brossa \/ Quartet M\u00e8lt \/ Quico el C\u00e9lio, el Noi i el Mut de Ferreries \/ Quico Pi de la Serra \/ Quim Noguera \/ Quim Vila \/ Quimi Portet \/ Ramiro \/ Ramon Fauria \/ Raquel Martin i N\u00faria Carbon\u00e9s \/ Raydibaum \/ Raymon \/ Refugi \/ Roc Casagran \/ Roger Costa-Pau \/ Roger Mas \/ Roger Pistola \/ Ruben Vilagrand \/ Saiko &amp; Dj Joker \/ Saki Guillem \/ Salva Soler \/ Salvador Duran i Miquel Torrent \/ Sanjosex \/ Santi Serratosa i Mariona Castells \/ Sara Terraza &amp; The Black Sheep \/ S\u00e0vats \/ Senyors Tranquil \/ Shado \/ Shakti Olaizola \/ Silver &amp; Gold \/ S\u00edlvia Cadanet \/ Sira Bover \/ Slow 33 \/ Slow Olou \/ Smoking Bambino \/ Smoumoln\u00f6 \/ Sofia Viola \/ Solfasirc \/ Sr. Bohigues \/ Sr. Mit \/ Teatre Nu \/ Ter\u00e0pia de shock \/ Thangi \/ The Beatbox Collective \/ The Gramophone Allstars \/ The Gramophone Allstars Bid Band \/ The Gruixut&#8217;s \/ The Hanfris Quartet \/ The Mamzelles \/ The Pepper Pots \/ The Petebox \/ The Risas \/ The Scalextris Experience \/ The Sey Sisters \/ Tokaji \/ Tom Hagan \/ Tomeu Penya \/ Tona Gafarot \/ Toni Alb\u00e0 \/ Toni Cors \/ Toni Gutierrez \/ Tortell Poltrona \/ Tralla \/ Trio Elegance \/ Txema \/ Txo Titelles \/ Txus Blues i Jose Bluefingers \/ Valentin Moya Trio &amp; Llu\u00eds G\u00f3mez \/ Valentina Pagnucci i Aina Rovira \/ Valeria Guglietti \/ Very pomelo \/ Vicen\u00e7 Villatoro \/ Wom Quartet \/ Xarim Arest\u00e9 \/ Xavi Castillo \/ Xavi Lloses i Josep Thi\u00f3 \/ Xavi Lozano \/ Xebi SF \/ Xuriguera i Faixedas \/ Yldor Llach<\/p>\n<\/div>\n<\/div>\n<\/div>\n<div id=\"sppb-addon-1528355525984\" class=\"clearfix\">\n<div class=\"sppb-empty-space  clearfix\">\u00a0<\/div>\n<\/div>\n<div id=\"sppb-addon-1528355525985\" class=\"clearfix\">\n<div class=\"sppb-progress \">\n<div class=\"sppb-progress-bar sppb-progress-bar-default  \" role=\"progressbar\" aria-valuenow=\"100\" aria-valuemin=\"0\" aria-valuemax=\"100\" data-width=\"100%\">\u00a0<\/div>\n<\/div>\n<\/div>\n<\/div>\n<\/div>\n<\/div>\n<\/div>\n<\/div>\n<\/section>\n<\/div>\n<\/div>\n<\/div>\n<\/div>\n<\/div>\n<\/section>\n<footer id=\"sp-footer\">\n<div class=\"container\">\n<div class=\"row\">\n<div id=\"sp-footer1\" class=\"col-sm-12 col-md-12\">\n<div class=\"sp-column \">\n<div class=\"sp-module \">\n<div class=\"sp-module-content\">\n<div class=\"custom\">\u00a0<\/div>\n<\/div>\n<\/div>\n<\/div>\n<\/div>\n<\/div>\n<\/div>\n<\/footer>\n<p>[\/et_pb_text][\/et_pb_column][\/et_pb_row][\/et_pb_section]<\/p>\n","protected":false},"excerpt":{"rendered":"<p>El festival Qu\u00e8 \u00e9s l&#8217;Emergent? El Festival Emergent \u00e9s una\u00a0 proposta multidisciplin\u00e0ria que garanteix una programaci\u00f3 d\u2019arts en viu din\u00e0mica, propera, fresca i engrescadora, que proposa sorprendre constantment l\u2019espectador amb [&hellip;]<\/p>\n","protected":false},"author":1,"featured_media":0,"parent":0,"menu_order":0,"comment_status":"closed","ping_status":"closed","template":"","meta":{"_et_pb_use_builder":"on","_et_pb_old_content":"","_et_gb_content_width":"","footnotes":""},"class_list":["post-831","page","type-page","status-publish","hentry"],"yoast_head":"<!-- This site is optimized with the Yoast SEO plugin v27.5 - https:\/\/yoast.com\/product\/yoast-seo-wordpress\/ -->\n<title>El festival - Festival Emergent<\/title>\n<meta name=\"robots\" content=\"index, follow, max-snippet:-1, max-image-preview:large, max-video-preview:-1\" \/>\n<link rel=\"canonical\" href=\"https:\/\/www.festivalemergent.cat\/el-festival\/\" \/>\n<meta property=\"og:locale\" content=\"es_ES\" \/>\n<meta property=\"og:type\" content=\"article\" \/>\n<meta property=\"og:title\" content=\"El festival - Festival Emergent\" \/>\n<meta property=\"og:description\" content=\"El festival Qu\u00e8 \u00e9s l&#039;Emergent? El Festival Emergent \u00e9s una\u00a0 proposta multidisciplin\u00e0ria que garanteix una programaci\u00f3 d\u2019arts en viu din\u00e0mica, propera, fresca i engrescadora, que proposa sorprendre constantment l\u2019espectador amb [&hellip;]\" \/>\n<meta property=\"og:url\" content=\"https:\/\/www.festivalemergent.cat\/el-festival\/\" \/>\n<meta property=\"og:site_name\" content=\"Festival Emergent\" \/>\n<meta property=\"article:modified_time\" content=\"2025-07-03T15:55:45+00:00\" \/>\n<meta name=\"twitter:card\" content=\"summary_large_image\" \/>\n<meta name=\"twitter:label1\" content=\"Tiempo de lectura\" \/>\n\t<meta name=\"twitter:data1\" content=\"9 minutos\" \/>\n<script type=\"application\/ld+json\" class=\"yoast-schema-graph\">{\"@context\":\"https:\\\/\\\/schema.org\",\"@graph\":[{\"@type\":\"WebPage\",\"@id\":\"https:\\\/\\\/www.festivalemergent.cat\\\/el-festival\\\/\",\"url\":\"https:\\\/\\\/www.festivalemergent.cat\\\/el-festival\\\/\",\"name\":\"El festival - Festival Emergent\",\"isPartOf\":{\"@id\":\"https:\\\/\\\/www.festivalemergent.cat\\\/#website\"},\"datePublished\":\"2023-10-24T08:53:04+00:00\",\"dateModified\":\"2025-07-03T15:55:45+00:00\",\"breadcrumb\":{\"@id\":\"https:\\\/\\\/www.festivalemergent.cat\\\/el-festival\\\/#breadcrumb\"},\"inLanguage\":\"es\",\"potentialAction\":[{\"@type\":\"ReadAction\",\"target\":[\"https:\\\/\\\/www.festivalemergent.cat\\\/el-festival\\\/\"]}]},{\"@type\":\"BreadcrumbList\",\"@id\":\"https:\\\/\\\/www.festivalemergent.cat\\\/el-festival\\\/#breadcrumb\",\"itemListElement\":[{\"@type\":\"ListItem\",\"position\":1,\"name\":\"Inici\",\"item\":\"https:\\\/\\\/www.festivalemergent.cat\\\/\"},{\"@type\":\"ListItem\",\"position\":2,\"name\":\"El festival\"}]},{\"@type\":\"WebSite\",\"@id\":\"https:\\\/\\\/www.festivalemergent.cat\\\/#website\",\"url\":\"https:\\\/\\\/www.festivalemergent.cat\\\/\",\"name\":\"Festival Emergent\",\"description\":\"Festival d&#039;arts en viu del Giron\u00e8s\",\"potentialAction\":[{\"@type\":\"SearchAction\",\"target\":{\"@type\":\"EntryPoint\",\"urlTemplate\":\"https:\\\/\\\/www.festivalemergent.cat\\\/?s={search_term_string}\"},\"query-input\":{\"@type\":\"PropertyValueSpecification\",\"valueRequired\":true,\"valueName\":\"search_term_string\"}}],\"inLanguage\":\"es\"}]}<\/script>\n<!-- \/ Yoast SEO plugin. -->","yoast_head_json":{"title":"El festival - Festival Emergent","robots":{"index":"index","follow":"follow","max-snippet":"max-snippet:-1","max-image-preview":"max-image-preview:large","max-video-preview":"max-video-preview:-1"},"canonical":"https:\/\/www.festivalemergent.cat\/el-festival\/","og_locale":"es_ES","og_type":"article","og_title":"El festival - Festival Emergent","og_description":"El festival Qu\u00e8 \u00e9s l'Emergent? El Festival Emergent \u00e9s una\u00a0 proposta multidisciplin\u00e0ria que garanteix una programaci\u00f3 d\u2019arts en viu din\u00e0mica, propera, fresca i engrescadora, que proposa sorprendre constantment l\u2019espectador amb [&hellip;]","og_url":"https:\/\/www.festivalemergent.cat\/el-festival\/","og_site_name":"Festival Emergent","article_modified_time":"2025-07-03T15:55:45+00:00","twitter_card":"summary_large_image","twitter_misc":{"Tiempo de lectura":"9 minutos"},"schema":{"@context":"https:\/\/schema.org","@graph":[{"@type":"WebPage","@id":"https:\/\/www.festivalemergent.cat\/el-festival\/","url":"https:\/\/www.festivalemergent.cat\/el-festival\/","name":"El festival - Festival Emergent","isPartOf":{"@id":"https:\/\/www.festivalemergent.cat\/#website"},"datePublished":"2023-10-24T08:53:04+00:00","dateModified":"2025-07-03T15:55:45+00:00","breadcrumb":{"@id":"https:\/\/www.festivalemergent.cat\/el-festival\/#breadcrumb"},"inLanguage":"es","potentialAction":[{"@type":"ReadAction","target":["https:\/\/www.festivalemergent.cat\/el-festival\/"]}]},{"@type":"BreadcrumbList","@id":"https:\/\/www.festivalemergent.cat\/el-festival\/#breadcrumb","itemListElement":[{"@type":"ListItem","position":1,"name":"Inici","item":"https:\/\/www.festivalemergent.cat\/"},{"@type":"ListItem","position":2,"name":"El festival"}]},{"@type":"WebSite","@id":"https:\/\/www.festivalemergent.cat\/#website","url":"https:\/\/www.festivalemergent.cat\/","name":"Festival Emergent","description":"Festival d&#039;arts en viu del Giron\u00e8s","potentialAction":[{"@type":"SearchAction","target":{"@type":"EntryPoint","urlTemplate":"https:\/\/www.festivalemergent.cat\/?s={search_term_string}"},"query-input":{"@type":"PropertyValueSpecification","valueRequired":true,"valueName":"search_term_string"}}],"inLanguage":"es"}]}},"_links":{"self":[{"href":"https:\/\/www.festivalemergent.cat\/es\/wp-json\/wp\/v2\/pages\/831","targetHints":{"allow":["GET"]}}],"collection":[{"href":"https:\/\/www.festivalemergent.cat\/es\/wp-json\/wp\/v2\/pages"}],"about":[{"href":"https:\/\/www.festivalemergent.cat\/es\/wp-json\/wp\/v2\/types\/page"}],"author":[{"embeddable":true,"href":"https:\/\/www.festivalemergent.cat\/es\/wp-json\/wp\/v2\/users\/1"}],"replies":[{"embeddable":true,"href":"https:\/\/www.festivalemergent.cat\/es\/wp-json\/wp\/v2\/comments?post=831"}],"version-history":[{"count":35,"href":"https:\/\/www.festivalemergent.cat\/es\/wp-json\/wp\/v2\/pages\/831\/revisions"}],"predecessor-version":[{"id":2778,"href":"https:\/\/www.festivalemergent.cat\/es\/wp-json\/wp\/v2\/pages\/831\/revisions\/2778"}],"wp:attachment":[{"href":"https:\/\/www.festivalemergent.cat\/es\/wp-json\/wp\/v2\/media?parent=831"}],"curies":[{"name":"wp","href":"https:\/\/api.w.org\/{rel}","templated":true}]}}